{"id":16861,"date":"2016-12-02T16:30:24","date_gmt":"2016-12-02T16:30:24","guid":{"rendered":"http:\/\/azfil.basicamentebsp.com\/?page_id=16861"},"modified":"2017-01-06T16:28:04","modified_gmt":"2017-01-06T16:28:04","slug":"rede-de-revestimento-de-talude","status":"publish","type":"page","link":"https:\/\/azfil.pt\/?page_id=16861&lang=pt","title":{"rendered":"Rede de revestimento de talude"},"content":{"rendered":"<p>[vc_row row_type=&#8221;row&#8221; use_row_as_full_screen_section=&#8221;no&#8221; type=&#8221;full_width&#8221; angled_section=&#8221;no&#8221; text_align=&#8221;left&#8221; background_image_as_pattern=&#8221;without_pattern&#8221; css_animation=&#8221;&#8221;][vc_column][vc_empty_space height=&#8221;15px&#8221;][\/vc_column][\/vc_row][vc_row row_type=&#8221;row&#8221; use_row_as_full_screen_section=&#8221;no&#8221; type=&#8221;grid&#8221; angled_section=&#8221;no&#8221; text_align=&#8221;left&#8221; background_image_as_pattern=&#8221;without_pattern&#8221; css_animation=&#8221;&#8221;][vc_column width=&#8221;1\/2&#8243;][vc_separator type=&#8221;transparent&#8221;][vc_single_image image=&#8221;16863&#8243; img_size=&#8221;full&#8221; alignment=&#8221;center&#8221; qode_css_animation=&#8221;&#8221;][\/vc_column][vc_column width=&#8221;1\/2&#8243;][vc_separator type=&#8221;transparent&#8221;][vc_column_text]<\/p>\n<h5>REDE DE REVESTIMENTO DE TALUDE<\/h5>\n<p>[\/vc_column_text][vc_separator type=&#8221;normal&#8221; color=&#8221;#194529&#8243;][vc_column_text]<\/p>\n<p style=\"text-align: justify;\">Para <strong>evitar a queda de blocos e detritos rochosos sobre rodovias e ferrovias<\/strong>, ou para <strong>facilitar o crescimento de vegeta\u00e7\u00e3o sobre a encosta,<\/strong> \u00e9 muito usado o revestimento da mesma com <strong>rede met\u00e1lica de alta resist\u00eancia<\/strong>. As redes s\u00e3o as mesmas utilizadas na fabrica\u00e7\u00e3o dos gabi\u00f5es e colch\u00f5es Reno, tendo resist\u00eancia capaz de suportar as movimenta\u00e7\u00f5es de massas, que possam desprender-se da encosta. A dupla tor\u00e7\u00e3o impede o <strong>desfiamento da rede<\/strong>, o que pode ocorrer com uma rede de simples tor\u00e7\u00e3o.<\/p>\n<p>[\/vc_column_text][\/vc_column][\/vc_row][vc_row row_type=&#8221;row&#8221; use_row_as_full_screen_section=&#8221;no&#8221; type=&#8221;grid&#8221; angled_section=&#8221;no&#8221; text_align=&#8221;left&#8221; background_image_as_pattern=&#8221;without_pattern&#8221; css_animation=&#8221;&#8221;][vc_column][vc_separator type=&#8221;transparent&#8221;][vc_column_text]<\/p>\n<h5>Portef\u00f3lio &#8211; Rede de Revestimento de Talude<\/h5>\n<p>[\/vc_column_text][vc_separator type=&#8221;normal&#8221; color=&#8221;#194529&#8243;][vc_gallery type=&#8221;image_grid&#8221; images=&#8221;16865,16866,16868,16867&#8243; img_size=&#8221;full&#8221; column_number=&#8221;4&#8243; grayscale=&#8221;no&#8221; images_space=&#8221;gallery_with_space&#8221;][vc_separator type=&#8221;transparent&#8221;][\/vc_column][\/vc_row][vc_row row_type=&#8221;row&#8221; use_row_as_full_screen_section=&#8221;no&#8221; type=&#8221;full_width&#8221; angled_section=&#8221;no&#8221; text_align=&#8221;center&#8221; background_image_as_pattern=&#8221;without_pattern&#8221; background_color=&#8221;#e8e8e8&#8243; css_animation=&#8221;&#8221;][vc_column][vc_row_inner row_type=&#8221;row&#8221; type=&#8221;grid&#8221; text_align=&#8221;left&#8221; css_animation=&#8221;&#8221;][vc_column_inner][vc_empty_space height=&#8221;30px&#8221;][vc_column_text]<\/p>\n<h2 style=\"text-align: center;\"><span style=\"color: #000000;\">Tem alguma d\u00favida?<\/span><\/h2>\n<p>[\/vc_column_text][vc_separator type=&#8221;transparent&#8221;][vc_column_text]<\/p>\n<h4 style=\"text-align: center;\">Entre em contacto com a AZFIL.<\/h4>\n<h4 style=\"text-align: center;\">Responder-lhe-emos com a maior brevidade poss\u00edvel!<\/h4>\n<p>[\/vc_column_text][vc_empty_space height=&#8221;45px&#8221;][\/vc_column_inner][\/vc_row_inner][vc_row_inner row_type=&#8221;row&#8221; type=&#8221;grid&#8221; text_align=&#8221;left&#8221; css_animation=&#8221;&#8221;][vc_column_inner width=&#8221;1\/6&#8243;][\/vc_column_inner][vc_column_inner width=&#8221;2\/3&#8243;][vc_column_text]<\/p>\n<div class=\"caldera-grid\" id=\"caldera_form_1\" data-cf-ver=\"1.4.3.1\" data-cf-form-id=\"CF5823678b9c071\"><div id=\"caldera_notices_1\" data-spinner=\"https:\/\/azfil.pt\/wp-admin\/images\/spinner.gif\"><\/div><form data-instance=\"1\" class=\"CF5823678b9c071 caldera_forms_form cfajax-trigger\" method=\"POST\" enctype=\"multipart\/form-data\" role=\"form\" id=\"CF5823678b9c071_1\" data-target=\"#caldera_notices_1\" data-template=\"#cfajax_CF5823678b9c071-tmpl\" data-cfajax=\"CF5823678b9c071\" data-load-element=\"_parent\" data-load-class=\"cf_processing\" data-post-disable=\"0\" data-action=\"cf_process_ajax_submit\" data-request=\"https:\/\/azfil.pt\/?cf_api=CF5823678b9c071\" data-hiderows=\"true\">\r\n<input type=\"hidden\" id=\"_cf_verify\" name=\"_cf_verify\" value=\"982e7c923a\" \/><input type=\"hidden\" name=\"_wp_http_referer\" value=\"\/index.php?rest_route=%2Fwp%2Fv2%2Fpages%2F16861\" \/><input type=\"hidden\" name=\"_cf_frm_id\" value=\"CF5823678b9c071\">\r\n<input type=\"hidden\" name=\"_cf_frm_ct\" value=\"1\">\r\n<input type=\"hidden\" name=\"cfajax\" value=\"CF5823678b9c071\">\r\n<input type=\"hidden\" name=\"_cf_cr_pst\" value=\"16861\">\r\n<div class=\"hide\" style=\"display:none; overflow:hidden;height:0;width:0;\">\r\n<label>Email<\/label><input type=\"text\" name=\"email\" value=\"\" autocomplete=\"off\">\r\n<\/div><div class=\"row single\"><div class=\"col-sm-12 single\"><div role=\"field\" data-field-wrapper=\"fld_9970286\" class=\"form-group\">\r\n\t\r\n\t<div class=\"\">\r\n\t\t<input placeholder=\"Nome\" type=\"text\" data-field=\"fld_9970286\" class=\"form-control\" id=\"fld_9970286_1\" name=\"fld_9970286\" value=\"\" required=\"required\" aria-label=\"Nome\">\n\t\t\t<\/div>\r\n<\/div>\r\n<div role=\"field\" data-field-wrapper=\"fld_6009157\" class=\"form-group\">\r\n\t\r\n\t<div class=\"\">\r\n\t\t<input placeholder=\"Email\" type=\"email\" data-field=\"fld_6009157\" class=\"form-control\" id=\"fld_6009157_1\" name=\"fld_6009157\" value=\"\" required=\"required\" aria-label=\"Email\">\n\t\t\t<\/div>\r\n<\/div>\r\n<div role=\"field\" data-field-wrapper=\"fld_7683514\" class=\"form-group\">\r\n\t\r\n\t<div class=\"\">\r\n\t\t<textarea placeholder=\"Mensagem\" data-field=\"fld_7683514\" class=\"form-control\" rows=\"7\" id=\"fld_7683514_1\" name=\"fld_7683514\" required=\"required\" aria-label=\"Mensagem\"><\/textarea>\n\t\t\t<\/div>\r\n<\/div>\r\n<div role=\"field\" data-field-wrapper=\"fld_3821533\" class=\"form-group\">\r\n\t\r\n\t<div class=\"\">\r\n\t\t\t\t\t\t\t\t\t\t<div class=\"checkbox\">\n\t\t\t\t\t\t\t\t<label for=\"fld_3821533_1_opt2033231\"><input type=\"checkbox\" data-label=\"&lt;span style=&quot;font-size:13px;&quot;&gt;&amp;nbsp Autorizo o tratamento dos dados, acima inseridos, pela AZFIL para a realiza\u00e7\u00e3o de a\u00e7\u00f5es de comunica\u00e7\u00e3o, marketing e eventos, assim como para tratamento comercial e promocional, como referido nos &lt;a href=&quot;\/termos-e-condicoes&quot;&gt;&lt;b&gt;termos e condi\u00e7\u00f5es&lt;\/b&gt;&lt;\/a&gt;.&lt;\/span&gt;\" data-field=\"fld_3821533\" id=\"fld_3821533_1_opt2033231\" class=\"fld_3821533_1\" name=\"fld_3821533[opt2033231]\" value=\"&lt;span style=&quot;font-size:13px;&quot;&gt;&amp;nbsp Autorizo o tratamento dos dados, acima inseridos, pela AZFIL para a realiza\u00e7\u00e3o de a\u00e7\u00f5es de comunica\u00e7\u00e3o, marketing e eventos, assim como para tratamento comercial e promocional, como referido nos &lt;a href=&quot;\/termos-e-condicoes&quot;&gt;&lt;b&gt;termos e condi\u00e7\u00f5es&lt;\/b&gt;&lt;\/a&gt;.&lt;\/span&gt;\" > <span style=\"font-size:13px;\">&nbsp Autorizo o tratamento dos dados, acima inseridos, pela AZFIL para a realiza\u00e7\u00e3o de a\u00e7\u00f5es de comunica\u00e7\u00e3o, marketing e eventos, assim como para tratamento comercial e promocional, como referido nos <a href=\"\/termos-e-condicoes\"><b>termos e condi\u00e7\u00f5es<\/b><\/a>.<\/span><\/label>&nbsp;\n\t\t\t\t\t\t\t\t<\/div>\n\t\t\t\t\t\t\t\t\t\t\t<\/div>\r\n<\/div>\r\n<script>\t\n\twindow.addEventListener(\"load\", function(){\n\n\t\tjQuery(document).on('click dblclick', '#fld_7908577_1', function( e ){\n\t\t\tjQuery('#fld_7908577_1_btn').val( e.type ).trigger('change');\n\t\t});\n\n\t});\n<\/script>\n<div role=\"field\" data-field-wrapper=\"fld_7908577\" class=\"form-group\">\r\n<div class=\"\">\r\n<input data-field=\"fld_7908577\" class=\"btn btn-default\" type=\"submit\" name=\"fld_7908577_btn\" value=\"Enviar\" id=\"fld_7908577_1\" aria-labelledby=\"fld_7908577Label\">\n<\/div>\r\n<\/div>\r\n<input class=\"button_trigger_1\" type=\"hidden\" data-field=\"fld_7908577\" id=\"fld_7908577_1_btn\" name=\"fld_7908577\" value=\"\">\n<\/div><\/div><\/form>\r\n<\/div>\r\n\n<p>[\/vc_column_text][\/vc_column_inner][vc_column_inner width=&#8221;1\/6&#8243;][\/vc_column_inner][\/vc_row_inner][vc_empty_space height=&#8221;45px&#8221;][\/vc_column][\/vc_row]<\/p>\n","protected":false},"excerpt":{"rendered":"<p>[vc_row row_type=&#8221;row&#8221; use_row_as_full_screen_section=&#8221;no&#8221; type=&#8221;full_width&#8221; angled_section=&#8221;no&#8221; text_align=&#8221;left&#8221; background_image_as_pattern=&#8221;without_pattern&#8221; css_animation=&#8221;&#8221;][vc_column][vc_empty_space height=&#8221;15px&#8221;][\/vc_column][\/vc_row][vc_row row_type=&#8221;row&#8221; use_row_as_full_screen_section=&#8221;no&#8221; type=&#8221;grid&#8221; angled_section=&#8221;no&#8221; text_align=&#8221;left&#8221; background_image_as_pattern=&#8221;without_pattern&#8221; css_animation=&#8221;&#8221;][vc_column width=&#8221;1\/2&#8243;][vc_separator type=&#8221;transparent&#8221;][vc_single_image image=&#8221;16863&#8243; img_size=&#8221;full&#8221; alignment=&#8221;center&#8221; qode_css_animation=&#8221;&#8221;][\/vc_column][vc_column width=&#8221;1\/2&#8243;][vc_separator type=&#8221;transparent&#8221;][vc_column_text] REDE DE REVESTIMENTO DE TALUDE [\/vc_column_text][vc_separator type=&#8221;normal&#8221; color=&#8221;#194529&#8243;][vc_column_text] Para evitar a queda de blocos e detritos rochosos sobre rodovias e ferrovias,&#8230;<\/p>\n","protected":false},"author":1,"featured_media":0,"parent":0,"menu_order":0,"comment_status":"closed","ping_status":"closed","template":"full_width.php","meta":{"footnotes":""},"class_list":["post-16861","page","type-page","status-publish","hentry"],"_links":{"self":[{"href":"https:\/\/azfil.pt\/index.php?rest_route=\/wp\/v2\/pages\/16861","targetHints":{"allow":["GET"]}}],"collection":[{"href":"https:\/\/azfil.pt\/index.php?rest_route=\/wp\/v2\/pages"}],"about":[{"href":"https:\/\/azfil.pt\/index.php?rest_route=\/wp\/v2\/types\/page"}],"author":[{"embeddable":true,"href":"https:\/\/azfil.pt\/index.php?rest_route=\/wp\/v2\/users\/1"}],"replies":[{"embeddable":true,"href":"https:\/\/azfil.pt\/index.php?rest_route=%2Fwp%2Fv2%2Fcomments&post=16861"}],"version-history":[{"count":0,"href":"https:\/\/azfil.pt\/index.php?rest_route=\/wp\/v2\/pages\/16861\/revisions"}],"wp:attachment":[{"href":"https:\/\/azfil.pt\/index.php?rest_route=%2Fwp%2Fv2%2Fmedia&parent=16861"}],"curies":[{"name":"wp","href":"https:\/\/api.w.org\/{rel}","templated":true}]}}