{"id":17012,"date":"2017-02-20T13:04:23","date_gmt":"2017-02-20T13:04:23","guid":{"rendered":"http:\/\/azfil.pt\/?page_id=17012"},"modified":"2017-02-20T14:19:28","modified_gmt":"2017-02-20T14:19:28","slug":"terramesh-2","status":"publish","type":"page","link":"https:\/\/azfil.pt\/?page_id=17012&lang=fr","title":{"rendered":"Terramesh"},"content":{"rendered":"<p>[vc_row row_type=&#8221;row&#8221; use_row_as_full_screen_section=&#8221;no&#8221; type=&#8221;full_width&#8221; angled_section=&#8221;no&#8221; text_align=&#8221;left&#8221; background_image_as_pattern=&#8221;without_pattern&#8221; css_animation=&#8221;&#8221;][vc_column][vc_empty_space height=&#8221;15px&#8221;][\/vc_column][\/vc_row][vc_row row_type=&#8221;row&#8221; use_row_as_full_screen_section=&#8221;no&#8221; type=&#8221;grid&#8221; angled_section=&#8221;no&#8221; text_align=&#8221;left&#8221; background_image_as_pattern=&#8221;without_pattern&#8221; css_animation=&#8221;&#8221;][vc_column width=&#8221;1\/2&#8243;][vc_separator type=&#8221;transparent&#8221;][vc_single_image image=&#8221;16854&#8243; img_size=&#8221;full&#8221; alignment=&#8221;center&#8221; qode_css_animation=&#8221;&#8221;][\/vc_column][vc_column width=&#8221;1\/2&#8243;][vc_separator type=&#8221;transparent&#8221;][vc_column_text]<\/p>\n<h5>TERRAMESH<\/h5>\n<p>[\/vc_column_text][vc_separator type=&#8221;normal&#8221; color=&#8221;#194529&#8243;][vc_column_text]<\/p>\n<p style=\"text-align: justify;\"><strong>Les murs Terramesh<\/strong> sont un proc\u00e9d\u00e9 de contention d\u00e9ve-lopp\u00e9 et brevet\u00e9 par Maccaferri, du Br\u00e9sil. Cela consiste en une structure cr\u00e9\u00e9e par l\u2019enchev\u00eatrement et le frottement des particules du sol avec les renforcements de toile en maille hexagonale \u00e0 double torsion, formant un massif de sol renforc\u00e9, r\u00e9sistant aux impulsions cr\u00e9\u00e9es par le remblai \u00e0 contenir. <strong>La toile de renforcement ancr\u00e9e dans le remblai se sert des propres propri\u00e9t\u00e9s m\u00e9caniques du remblai pour effectuer la contention.<\/strong><\/p>\n<p style=\"text-align: justify;\">Le <strong>Syst\u00e8me Terramesh <\/strong>pr\u00e9sente les m\u00eames avantages techniques des gabions, tels que la flexibilit\u00e9, la perm\u00e9abilit\u00e9, la monolithicit\u00e9 et la facilit\u00e9 d\u2019ex\u00e9cution en plus d\u2019\u00eatre une solution assez \u00e9conomique puisqu\u2019elle permet l\u2019utilisation du sol local pour composer un massif renforc\u00e9.<\/p>\n<p style=\"text-align: justify;\">Il existe deux types\u00a0: Le <strong>Terramesh System<\/strong>, pr\u00e9sentant parement ext\u00e9rieur avec une superficie en pierres (gabions), et le <strong>Terramesh Vert<\/strong> dont le parement ext\u00e9rieur pr\u00e9sente un rev\u00eatement v\u00e9g\u00e9tal assur\u00e9 par l\u2019utilisation de Grillages et Couvertures Biod\u00e9gradables.<\/p>\n<p>[\/vc_column_text][\/vc_column][\/vc_row][vc_row row_type=&#8221;row&#8221; use_row_as_full_screen_section=&#8221;no&#8221; type=&#8221;grid&#8221; angled_section=&#8221;no&#8221; text_align=&#8221;left&#8221; background_image_as_pattern=&#8221;without_pattern&#8221; css_animation=&#8221;&#8221;][vc_column][vc_separator type=&#8221;transparent&#8221;][vc_column_text]<\/p>\n<h5>Portfolio &#8211;\u00a0Terramesh<\/h5>\n<p>[\/vc_column_text][vc_separator type=&#8221;normal&#8221; color=&#8221;#194529&#8243;][vc_gallery type=&#8221;image_grid&#8221; images=&#8221;16857,16858&#8243; img_size=&#8221;full&#8221; column_number=&#8221;4&#8243; grayscale=&#8221;no&#8221; images_space=&#8221;gallery_with_space&#8221;][vc_separator type=&#8221;transparent&#8221;][\/vc_column][\/vc_row][vc_row row_type=&#8221;row&#8221; use_row_as_full_screen_section=&#8221;no&#8221; type=&#8221;full_width&#8221; angled_section=&#8221;no&#8221; text_align=&#8221;center&#8221; background_image_as_pattern=&#8221;without_pattern&#8221; background_color=&#8221;#e8e8e8&#8243; css_animation=&#8221;&#8221;][vc_column][vc_row_inner row_type=&#8221;row&#8221; type=&#8221;grid&#8221; text_align=&#8221;left&#8221; css_animation=&#8221;&#8221;][vc_column_inner][vc_empty_space height=&#8221;30px&#8221;][vc_column_text]<\/p>\n<h2 style=\"text-align: center;\"><span style=\"color: #000000;\">Vous avez des questions\u00a0?<\/span><\/h2>\n<p>[\/vc_column_text][vc_separator type=&#8221;transparent&#8221;][vc_column_text]<\/p>\n<h4 style=\"text-align: center;\"><span style=\"color: #9fab00;\">Entrez en contact avec AZFIL.<\/span><\/h4>\n<h4 style=\"text-align: center;\"><span style=\"color: #9fab00;\">Nous vous r\u00e9pondrons le plus rapidement possible\u00a0!<\/span><\/h4>\n<p>[\/vc_column_text][vc_empty_space height=&#8221;45px&#8221;][\/vc_column_inner][\/vc_row_inner][vc_row_inner row_type=&#8221;row&#8221; type=&#8221;grid&#8221; text_align=&#8221;left&#8221; css_animation=&#8221;&#8221;][vc_column_inner width=&#8221;1\/4&#8243;][\/vc_column_inner][vc_column_inner width=&#8221;1\/2&#8243;][vc_column_text]<\/p>\n<div class=\"caldera-grid\" id=\"caldera_form_1\" data-cf-ver=\"1.4.3.1\" data-cf-form-id=\"CF58aadbd1d8c15\"><div id=\"caldera_notices_1\" data-spinner=\"https:\/\/azfil.pt\/wp-admin\/images\/spinner.gif\"><\/div><form data-instance=\"1\" class=\"CF58aadbd1d8c15 caldera_forms_form cfajax-trigger\" method=\"POST\" enctype=\"multipart\/form-data\" role=\"form\" id=\"CF58aadbd1d8c15_1\" data-target=\"#caldera_notices_1\" data-template=\"#cfajax_CF58aadbd1d8c15-tmpl\" data-cfajax=\"CF58aadbd1d8c15\" data-load-element=\"_parent\" data-load-class=\"cf_processing\" data-post-disable=\"0\" data-action=\"cf_process_ajax_submit\" data-request=\"https:\/\/azfil.pt\/?cf_api=CF58aadbd1d8c15\" data-hiderows=\"true\">\r\n<input type=\"hidden\" id=\"_cf_verify\" name=\"_cf_verify\" value=\"982e7c923a\" \/><input type=\"hidden\" name=\"_wp_http_referer\" value=\"\/index.php?rest_route=%2Fwp%2Fv2%2Fpages%2F17012\" \/><input type=\"hidden\" name=\"_cf_frm_id\" value=\"CF58aadbd1d8c15\">\r\n<input type=\"hidden\" name=\"_cf_frm_ct\" value=\"1\">\r\n<input type=\"hidden\" name=\"cfajax\" value=\"CF58aadbd1d8c15\">\r\n<input type=\"hidden\" name=\"_cf_cr_pst\" value=\"17012\">\r\n<div class=\"hide\" style=\"display:none; overflow:hidden;height:0;width:0;\">\r\n<label>Url<\/label><input type=\"text\" name=\"url\" value=\"\" autocomplete=\"off\">\r\n<\/div><div class=\"row single\"><div class=\"col-sm-12 single\"><div role=\"field\" data-field-wrapper=\"fld_9970286\" class=\"form-group\">\r\n\t\r\n\t<div class=\"\">\r\n\t\t<input placeholder=\"Nom et Prenoms\" type=\"text\" data-field=\"fld_9970286\" class=\"form-control\" id=\"fld_9970286_1\" name=\"fld_9970286\" value=\"\" required=\"required\" aria-label=\"Nom et Prenoms\">\n\t\t\t<\/div>\r\n<\/div>\r\n<div role=\"field\" data-field-wrapper=\"fld_6009157\" class=\"form-group\">\r\n\t\r\n\t<div class=\"\">\r\n\t\t<input placeholder=\"Email\" type=\"email\" data-field=\"fld_6009157\" class=\"form-control\" id=\"fld_6009157_1\" name=\"fld_6009157\" value=\"\" required=\"required\" aria-label=\"Email\">\n\t\t\t<\/div>\r\n<\/div>\r\n<div role=\"field\" data-field-wrapper=\"fld_7683514\" class=\"form-group\">\r\n\t\r\n\t<div class=\"\">\r\n\t\t<textarea placeholder=\"Message\" data-field=\"fld_7683514\" class=\"form-control\" rows=\"7\" id=\"fld_7683514_1\" name=\"fld_7683514\" required=\"required\" aria-label=\"Message\"><\/textarea>\n\t\t\t<\/div>\r\n<\/div>\r\n<script>\t\n\twindow.addEventListener(\"load\", function(){\n\n\t\tjQuery(document).on('click dblclick', '#fld_7908577_1', function( e ){\n\t\t\tjQuery('#fld_7908577_1_btn').val( e.type ).trigger('change');\n\t\t});\n\n\t});\n<\/script>\n<div role=\"field\" data-field-wrapper=\"fld_7908577\" class=\"form-group\">\r\n<div class=\"\">\r\n<input data-field=\"fld_7908577\" class=\"btn btn-default\" type=\"submit\" name=\"fld_7908577_btn\" value=\"Envoyer\" id=\"fld_7908577_1\" aria-labelledby=\"fld_7908577Label\">\n<\/div>\r\n<\/div>\r\n<input class=\"button_trigger_1\" type=\"hidden\" data-field=\"fld_7908577\" id=\"fld_7908577_1_btn\" name=\"fld_7908577\" value=\"\">\n<\/div><\/div><\/form>\r\n<\/div>\r\n\n<p>[\/vc_column_text][\/vc_column_inner][vc_column_inner width=&#8221;1\/4&#8243;][\/vc_column_inner][\/vc_row_inner][vc_empty_space height=&#8221;45px&#8221;][\/vc_column][\/vc_row]<\/p>\n","protected":false},"excerpt":{"rendered":"<p>[vc_row row_type=&#8221;row&#8221; use_row_as_full_screen_section=&#8221;no&#8221; type=&#8221;full_width&#8221; angled_section=&#8221;no&#8221; text_align=&#8221;left&#8221; background_image_as_pattern=&#8221;without_pattern&#8221; css_animation=&#8221;&#8221;][vc_column][vc_empty_space height=&#8221;15px&#8221;][\/vc_column][\/vc_row][vc_row row_type=&#8221;row&#8221; use_row_as_full_screen_section=&#8221;no&#8221; type=&#8221;grid&#8221; angled_section=&#8221;no&#8221; text_align=&#8221;left&#8221; background_image_as_pattern=&#8221;without_pattern&#8221; css_animation=&#8221;&#8221;][vc_column width=&#8221;1\/2&#8243;][vc_separator type=&#8221;transparent&#8221;][vc_single_image image=&#8221;16854&#8243; img_size=&#8221;full&#8221; alignment=&#8221;center&#8221; qode_css_animation=&#8221;&#8221;][\/vc_column][vc_column width=&#8221;1\/2&#8243;][vc_separator type=&#8221;transparent&#8221;][vc_column_text] TERRAMESH [\/vc_column_text][vc_separator type=&#8221;normal&#8221; color=&#8221;#194529&#8243;][vc_column_text] Les murs Terramesh sont un proc\u00e9d\u00e9 de contention d\u00e9ve-lopp\u00e9 et brevet\u00e9 par Maccaferri, du Br\u00e9sil. Cela consiste&#8230;<\/p>\n","protected":false},"author":1,"featured_media":0,"parent":0,"menu_order":0,"comment_status":"closed","ping_status":"closed","template":"full_width.php","meta":{"footnotes":""},"class_list":["post-17012","page","type-page","status-publish","hentry"],"_links":{"self":[{"href":"https:\/\/azfil.pt\/index.php?rest_route=\/wp\/v2\/pages\/17012","targetHints":{"allow":["GET"]}}],"collection":[{"href":"https:\/\/azfil.pt\/index.php?rest_route=\/wp\/v2\/pages"}],"about":[{"href":"https:\/\/azfil.pt\/index.php?rest_route=\/wp\/v2\/types\/page"}],"author":[{"embeddable":true,"href":"https:\/\/azfil.pt\/index.php?rest_route=\/wp\/v2\/users\/1"}],"replies":[{"embeddable":true,"href":"https:\/\/azfil.pt\/index.php?rest_route=%2Fwp%2Fv2%2Fcomments&post=17012"}],"version-history":[{"count":2,"href":"https:\/\/azfil.pt\/index.php?rest_route=\/wp\/v2\/pages\/17012\/revisions"}],"predecessor-version":[{"id":17014,"href":"https:\/\/azfil.pt\/index.php?rest_route=\/wp\/v2\/pages\/17012\/revisions\/17014"}],"wp:attachment":[{"href":"https:\/\/azfil.pt\/index.php?rest_route=%2Fwp%2Fv2%2Fmedia&parent=17012"}],"curies":[{"name":"wp","href":"https:\/\/api.w.org\/{rel}","templated":true}]}}